{"id":3549,"date":"1900-11-10T09:03:11","date_gmt":"1900-11-10T08:03:11","guid":{"rendered":"https:\/\/guia.wine\/?post_type=product&#038;p=3549"},"modified":"2024-07-08T08:45:57","modified_gmt":"2024-07-08T06:45:57","slug":"set-degustazione","status":"publish","type":"product","link":"https:\/\/guia.wine\/en\/product\/set-degustazione\/","title":{"rendered":"Collezione Degustazione &#8211; Per iniziare"},"content":{"rendered":"<section class=\"wpb-content-wrapper\"><p>[vc_row][vc_column][vc_column_text]Scopri il mondo dei nostri vini e assaggia le sfumature dei nostri vigneti.<\/p>\n<p>Abbiamo pensato a questa selezione per chi vuole avvicinarsi ai nostri vini. Siamo sicuri ti piaceranno <img loading=\"lazy\" decoding=\"async\" class=\"alignnone wp-image-3599\" src=\"https:\/\/guia.wine\/wp-content\/uploads\/1900\/11\/heart-icon_34407.png\" alt=\"\" width=\"16\" height=\"16\" \/><\/p>\n<p>Ti invieremo la nostra linea completa e in omaggio uno stopper, per richiudere le bottiglie una volta aperte o un cavatappi*.<\/p>\n<p>La confezione comprende le seguenti bottiglie:<\/p>\n<ul>\n<li>\u00a01x <a href=\"https:\/\/guia.wine\/product\/vino-spumante-lauri-brut\/\">L\u2019Aur\u00ec Extra Brut \u00d8 Valdobbiadene Prosecco Superiore Rive di Guia<\/a>\n<ul>\n<li>\n<div class=\"wpb_text_column wpb_content_element \">\n<div class=\"wpb_wrapper\">\n<p>Ci piace definire il nostro Extra-Brut estremo. Non \u00e8 semplice trovare il vigneto perfetto per uno spumante con \u00d8 grammi\/litro di zuccheri residui. Dopo vent&#8217;anni di prove nel 2018 ci siamo riusciti. Le uve provengono dai vigneti di famiglia\u00a0 situati in localit\u00e0 Zoppe di Fontana e Fontana a Guia L\u2019et\u00e0 media di circa novant\u2019anni delle viti unito al terroir conferiscono alle uve, raccolte a mano, una mineralit\u00e0 molto importante. La componente amara risulta pressoch\u00e8 assente. Un equilibrio perfetto per un extra-brut zero. Noi lo consigliamo con: un aperitivo a base di pesce crudo, <span class=\"text\" lang=\"fr\">formaggi molto stagionati, <em><span class=\"aCOpRe\">Crudit\u00e9s<\/span><\/em>.<\/span><\/p>\n<p>&nbsp;<\/p>\n<\/div>\n<\/div>\n<\/li>\n<\/ul>\n<\/li>\n<li>\u00a02x <a href=\"https:\/\/guia.wine\/product\/vino-spumante-guia\/\">Guia Brut Valdobbiadene Prosecco Superiore Rive di Guia <\/a>\n<ul>\n<li><span class=\"s1\">E&#8217; il nostro grande classico. \u00c8 la prima bottiglia di spumante prodotta dalla nostra cantina. Le uve raccolte a mano nel toponimo &#8220;Marai&#8221; donano a questo vino una struttura ed una finezza unica. Leggermente acidulo, minerale e sapido. Il tu<\/span><span class=\"s1\">tto unito ad un perlage elegante.\u00a0 <\/span>Noi lo consigliamo con: un aperitivo a base di pesce, <span class=\"text\" lang=\"fr\">formaggi stagionati<em>, <\/em>e <span class=\"aCOpRe\"><em>biscotterie<\/em><\/span>.<\/span><\/li>\n<\/ul>\n<\/li>\n<\/ul>\n<p>&nbsp;<\/p>\n<ul>\n<li>\u00a01x <a href=\"https:\/\/guia.wine\/product\/vino-spumante-lauri\/\">L\u2019Aur\u00ec Extra Dry Valdobbiadene Prosecco Superiore Rive di Guia<\/a>\n<ul>\n<li>\n<div class=\"wpb_text_column wpb_content_element \">\n<div class=\"wpb_wrapper\">\n<p>Le uve del nostro Extra-dry provengono dalle vigne di famiglia situate in localit\u00e0 Marai a Guia, una delle colline pi\u00f9 vocate ed eroiche di Valdobbiadene. L\u2019et\u00e0 media di circa ottant\u2019anni delle viti unito al terroir conferiscono alle uve, raccolte esclusivamente a mano, una sapidit\u00e0 e freschezza unica. Fruttato, intenso e morbido. Noi lo consigliamo con: un aperitivo a base di carne bianca e verdure, <span class=\"text\" lang=\"fr\"><em>p\u00e2tisserie, <\/em>e dolci a base di frutta.<\/span><\/p>\n<\/div>\n<\/div>\n<div class=\"wpb_wrapper\"><\/div>\n<\/li>\n<\/ul>\n<\/li>\n<li>\u00a01x <a href=\"https:\/\/guia.wine\/product\/bele-tose-2\/\">B\u00e9le Tose a rifermentazione naturale in bottiglia<\/a>\n<ul>\n<li>\n<div class=\"wpb_text_column wpb_content_element \">\n<div class=\"wpb_wrapper\">\n<p class=\"p3\"><span class=\"s1\">B\u00e9le Tose \u00e8 bianco frizzante della tradizione vinicola del nostro comune ed \u00e8 ottenuto da uve Glera. Un vino non filtrato elaborato secondo il tradizionale metodo della rifermentazione in bottiglia. <\/span><span class=\"s1\">Questo metodo conferisce al vino caratteristiche peculiari uniche, sentori di crosta di pane e la pronta beva vi stupiranno. <\/span>Noi lo consigliamo con: salumi e formaggi, primi di pesce e carni bianche.<\/p>\n<p>&nbsp;<\/p>\n<\/div>\n<\/div>\n<\/li>\n<\/ul>\n<\/li>\n<li>\u00a01x Oltraval\n<ul>\n<li><span class=\"s1\"><span class=\"s1\">nasce dal nome della vigna in cui \u00e8 prodotto. Da quattro variet\u00e0 storiche: la glera, perera, bianchetta e la verdiso, riusciamo ad ottenere un frizzante unico. Esprime una acidit\u00e0 e una mineralit\u00e0 sostanziose, grazie al leggero perlage. <\/span><\/span>Noi lo consigliamo con: con fiori di zucca fritti, una pasta allo scoglio e anche con un branzino al forno.<\/li>\n<\/ul>\n<\/li>\n<\/ul>\n<p>*Omaggio incluso solo nel primo ordine.[\/vc_column_text][\/vc_column][\/vc_row][vc_row][vc_row_inner][vc_column_inner width=&#8221;1\/3&#8243;]<div id=\"tile-with-icon_icon1\" class=\"title-with-icon-wrapper rectangle medium \" data-color=\"\">\r\n\t\t\t<div class=\"wpb_content_element title-with-icon clearfix \"><span  style=\"color:#dda759 !important;background-color: !important;\" class=\"oic-truck rectangle medium \" ><\/span><h5 class=\"content-color\" style=\"\">Consegna rapida<\/h5>\r\n\t\t\t<\/div><\/div>[\/vc_column_inner][vc_column_inner width=&#8221;1\/3&#8243;]<div id=\"tile-with-icon_icon2\" class=\"title-with-icon-wrapper rectangle medium \" data-color=\"\">\r\n\t\t\t<div class=\"wpb_content_element title-with-icon clearfix \"><span  style=\"color:#dda759 !important;background-color: !important;\" class=\"oic-credit-cards rectangle medium \" ><\/span><h5 class=\"content-color\" style=\"\">Pagamenti sicuri<\/h5>\r\n\t\t\t<\/div><\/div>[\/vc_column_inner][vc_column_inner width=&#8221;1\/3&#8243;]<div id=\"tile-with-icon_icon3\" class=\"title-with-icon-wrapper rectangle medium \" data-color=\"\">\r\n\t\t\t<div class=\"wpb_content_element title-with-icon clearfix \"><span  style=\"color:#dda759 !important;background-color: !important;\" class=\"oic-diwine1-024-winery-1 rectangle medium \" ><\/span><h5 class=\"content-color\" style=\"\">Spedizione sicura<\/h5>\r\n\t\t\t<\/div><\/div>[\/vc_column_inner][\/vc_row_inner][\/vc_row][vc_row][vc_column][vc_column_text]<\/p>\n<h6><\/h6>\n<p>[\/vc_column_text][\/vc_column][\/vc_row]<\/p>\n<\/section>","protected":false},"excerpt":{"rendered":"<p>Confezione degustazione 6 bottiglie Guia + gadget (omaggio)<\/p>\n","protected":false},"featured_media":4658,"template":"","meta":[],"product_brand":[],"product_cat":[76],"product_tag":[],"class_list":{"0":"post-3549","1":"product","2":"type-product","3":"status-publish","4":"has-post-thumbnail","6":"product_cat-natale","7":"has_thumb","8":null,"10":"first","11":"instock","12":"taxable","13":"shipping-taxable","14":"purchasable","15":"product-type-simple"},"yoast_head":"<!-- This site is optimized with the Yoast SEO plugin v26.6 - https:\/\/yoast.com\/wordpress\/plugins\/seo\/ -->\n<title>Confezione Degustazione - Per iniziare<\/title>\n<meta name=\"description\" content=\"Confezione degustazione 6 bottiglie Guia + Gadget\" \/>\n<meta name=\"robots\" content=\"index, follow, max-snippet:-1, max-image-preview:large, max-video-preview:-1\" \/>\n<link rel=\"canonical\" href=\"https:\/\/guia.wine\/product\/set-degustazione\/\" \/>\n<meta property=\"og:locale\" content=\"en_US\" \/>\n<meta property=\"og:type\" content=\"article\" \/>\n<meta property=\"og:title\" content=\"Confezione Degustazione - Per iniziare\" \/>\n<meta property=\"og:description\" content=\"Confezione degustazione 6 bottiglie Guia + Gadget\" \/>\n<meta property=\"og:url\" content=\"https:\/\/guia.wine\/product\/set-degustazione\/\" \/>\n<meta property=\"og:site_name\" content=\"Azienda Agricola Guia\" \/>\n<meta property=\"article:modified_time\" content=\"2024-07-08T06:45:57+00:00\" \/>\n<meta property=\"og:image\" content=\"https:\/\/guia.wine\/wp-content\/uploads\/1900\/11\/degust.jpg\" \/>\n\t<meta property=\"og:image:width\" content=\"1000\" \/>\n\t<meta property=\"og:image:height\" content=\"1000\" \/>\n\t<meta property=\"og:image:type\" content=\"image\/jpeg\" \/>\n<meta name=\"twitter:card\" content=\"summary_large_image\" \/>\n<meta name=\"twitter:label1\" content=\"Est. reading time\" \/>\n\t<meta name=\"twitter:data1\" content=\"3 minutes\" \/>\n<script type=\"application\/ld+json\" class=\"yoast-schema-graph\">{\"@context\":\"https:\/\/schema.org\",\"@graph\":[{\"@type\":\"WebPage\",\"@id\":\"https:\/\/guia.wine\/product\/set-degustazione\/\",\"url\":\"https:\/\/guia.wine\/product\/set-degustazione\/\",\"name\":\"Confezione Degustazione - Per iniziare\",\"isPartOf\":{\"@id\":\"https:\/\/guia.wine\/#website\"},\"primaryImageOfPage\":{\"@id\":\"https:\/\/guia.wine\/product\/set-degustazione\/#primaryimage\"},\"image\":{\"@id\":\"https:\/\/guia.wine\/product\/set-degustazione\/#primaryimage\"},\"thumbnailUrl\":\"https:\/\/guia.wine\/wp-content\/uploads\/1900\/11\/degust.jpg\",\"datePublished\":\"1900-11-10T08:03:11+00:00\",\"dateModified\":\"2024-07-08T06:45:57+00:00\",\"description\":\"Confezione degustazione 6 bottiglie Guia + Gadget\",\"breadcrumb\":{\"@id\":\"https:\/\/guia.wine\/product\/set-degustazione\/#breadcrumb\"},\"inLanguage\":\"en-US\",\"potentialAction\":[{\"@type\":\"ReadAction\",\"target\":[\"https:\/\/guia.wine\/product\/set-degustazione\/\"]}]},{\"@type\":\"ImageObject\",\"inLanguage\":\"en-US\",\"@id\":\"https:\/\/guia.wine\/product\/set-degustazione\/#primaryimage\",\"url\":\"https:\/\/guia.wine\/wp-content\/uploads\/1900\/11\/degust.jpg\",\"contentUrl\":\"https:\/\/guia.wine\/wp-content\/uploads\/1900\/11\/degust.jpg\",\"width\":1000,\"height\":1000},{\"@type\":\"BreadcrumbList\",\"@id\":\"https:\/\/guia.wine\/product\/set-degustazione\/#breadcrumb\",\"itemListElement\":[{\"@type\":\"ListItem\",\"position\":1,\"name\":\"Home\",\"item\":\"https:\/\/guia.wine\/en\/\"},{\"@type\":\"ListItem\",\"position\":2,\"name\":\"Shop\",\"item\":\"https:\/\/guia.wine\/shop\/\"},{\"@type\":\"ListItem\",\"position\":3,\"name\":\"Collezione Degustazione &#8211; Per iniziare\"}]},{\"@type\":\"WebSite\",\"@id\":\"https:\/\/guia.wine\/#website\",\"url\":\"https:\/\/guia.wine\/\",\"name\":\"Azienda Agricola Guia\",\"description\":\"Valdobbiadene Rive di Guia\",\"potentialAction\":[{\"@type\":\"SearchAction\",\"target\":{\"@type\":\"EntryPoint\",\"urlTemplate\":\"https:\/\/guia.wine\/?s={search_term_string}\"},\"query-input\":{\"@type\":\"PropertyValueSpecification\",\"valueRequired\":true,\"valueName\":\"search_term_string\"}}],\"inLanguage\":\"en-US\"}]}<\/script>\n<!-- \/ Yoast SEO plugin. -->","yoast_head_json":{"title":"Confezione Degustazione - Per iniziare","description":"Confezione degustazione 6 bottiglie Guia + Gadget","robots":{"index":"index","follow":"follow","max-snippet":"max-snippet:-1","max-image-preview":"max-image-preview:large","max-video-preview":"max-video-preview:-1"},"canonical":"https:\/\/guia.wine\/product\/set-degustazione\/","og_locale":"en_US","og_type":"article","og_title":"Confezione Degustazione - Per iniziare","og_description":"Confezione degustazione 6 bottiglie Guia + Gadget","og_url":"https:\/\/guia.wine\/product\/set-degustazione\/","og_site_name":"Azienda Agricola Guia","article_modified_time":"2024-07-08T06:45:57+00:00","og_image":[{"width":1000,"height":1000,"url":"https:\/\/guia.wine\/wp-content\/uploads\/1900\/11\/degust.jpg","type":"image\/jpeg"}],"twitter_card":"summary_large_image","twitter_misc":{"Est. reading time":"3 minutes"},"schema":{"@context":"https:\/\/schema.org","@graph":[{"@type":"WebPage","@id":"https:\/\/guia.wine\/product\/set-degustazione\/","url":"https:\/\/guia.wine\/product\/set-degustazione\/","name":"Confezione Degustazione - Per iniziare","isPartOf":{"@id":"https:\/\/guia.wine\/#website"},"primaryImageOfPage":{"@id":"https:\/\/guia.wine\/product\/set-degustazione\/#primaryimage"},"image":{"@id":"https:\/\/guia.wine\/product\/set-degustazione\/#primaryimage"},"thumbnailUrl":"https:\/\/guia.wine\/wp-content\/uploads\/1900\/11\/degust.jpg","datePublished":"1900-11-10T08:03:11+00:00","dateModified":"2024-07-08T06:45:57+00:00","description":"Confezione degustazione 6 bottiglie Guia + Gadget","breadcrumb":{"@id":"https:\/\/guia.wine\/product\/set-degustazione\/#breadcrumb"},"inLanguage":"en-US","potentialAction":[{"@type":"ReadAction","target":["https:\/\/guia.wine\/product\/set-degustazione\/"]}]},{"@type":"ImageObject","inLanguage":"en-US","@id":"https:\/\/guia.wine\/product\/set-degustazione\/#primaryimage","url":"https:\/\/guia.wine\/wp-content\/uploads\/1900\/11\/degust.jpg","contentUrl":"https:\/\/guia.wine\/wp-content\/uploads\/1900\/11\/degust.jpg","width":1000,"height":1000},{"@type":"BreadcrumbList","@id":"https:\/\/guia.wine\/product\/set-degustazione\/#breadcrumb","itemListElement":[{"@type":"ListItem","position":1,"name":"Home","item":"https:\/\/guia.wine\/en\/"},{"@type":"ListItem","position":2,"name":"Shop","item":"https:\/\/guia.wine\/shop\/"},{"@type":"ListItem","position":3,"name":"Collezione Degustazione &#8211; Per iniziare"}]},{"@type":"WebSite","@id":"https:\/\/guia.wine\/#website","url":"https:\/\/guia.wine\/","name":"Azienda Agricola Guia","description":"Valdobbiadene Rive di Guia","potentialAction":[{"@type":"SearchAction","target":{"@type":"EntryPoint","urlTemplate":"https:\/\/guia.wine\/?s={search_term_string}"},"query-input":{"@type":"PropertyValueSpecification","valueRequired":true,"valueName":"search_term_string"}}],"inLanguage":"en-US"}]}},"jetpack_sharing_enabled":true,"_links":{"self":[{"href":"https:\/\/guia.wine\/en\/wp-json\/wp\/v2\/product\/3549","targetHints":{"allow":["GET"]}}],"collection":[{"href":"https:\/\/guia.wine\/en\/wp-json\/wp\/v2\/product"}],"about":[{"href":"https:\/\/guia.wine\/en\/wp-json\/wp\/v2\/types\/product"}],"wp:featuredmedia":[{"embeddable":true,"href":"https:\/\/guia.wine\/en\/wp-json\/wp\/v2\/media\/4658"}],"wp:attachment":[{"href":"https:\/\/guia.wine\/en\/wp-json\/wp\/v2\/media?parent=3549"}],"wp:term":[{"taxonomy":"product_brand","embeddable":true,"href":"https:\/\/guia.wine\/en\/wp-json\/wp\/v2\/product_brand?post=3549"},{"taxonomy":"product_cat","embeddable":true,"href":"https:\/\/guia.wine\/en\/wp-json\/wp\/v2\/product_cat?post=3549"},{"taxonomy":"product_tag","embeddable":true,"href":"https:\/\/guia.wine\/en\/wp-json\/wp\/v2\/product_tag?post=3549"}],"curies":[{"name":"wp","href":"https:\/\/api.w.org\/{rel}","templated":true}]}}