{"id":3767,"date":"2021-01-07T09:55:50","date_gmt":"2021-01-07T08:55:50","guid":{"rendered":"https:\/\/guia.wine\/?post_type=product&#038;p=3767"},"modified":"2026-01-05T11:27:17","modified_gmt":"2026-01-05T10:27:17","slug":"vino-sfuso","status":"publish","type":"product","link":"https:\/\/guia.wine\/en\/product\/vino-sfuso\/","title":{"rendered":"Vino Sfuso"},"content":{"rendered":"<section class=\"wpb-content-wrapper\"><p>[vc_row][vc_column][vc_column_text]<\/p>\n<div id=\"1989740547\" class=\"u_1989740547 dmNewParagraph\" data-dmtmpl=\"true\" data-editor-state=\"closed\" data-uialign=\"left\">\n<div>\n<h3>IL VINO COL FONDO naturale tradizione.<\/h3>\n<p><strong>\u00a0<\/strong><\/p>\n<div id=\"1295955650\" class=\"u_1295955650 dmDividerWrapper clearfix\" data-element-type=\"dDividerId\">\n<p>&nbsp;<\/p>\n<hr id=\"1800156120\" class=\"dmDivider\" \/>\n<\/div>\n<div id=\"1989740547\" class=\"u_1989740547 dmNewParagraph\" data-dmtmpl=\"true\" data-editor-state=\"closed\" data-uialign=\"left\">\n<h5>Il nostro vino \u00e8 prodotto con uve dei nostri vigneti situati nelle ripide colline pedemontane, una tradizione contadina antica di quattro generazioni.<\/h5>\n<h5><\/h5>\n<p>&nbsp;<\/p>\n<h5>La prima vinificazione avviene esclusivamente in acciaio inox in serbatoi a temperatura controllata.<\/h5>\n<h5>Cosa cambia tra Tranquillo e Frizzante? Il tranquillo rester\u00e0 fermo dopo l&#8217;imbottigliamento, mentre il frizzante \u00e8 il vino bianco tradizionale, sui lieviti, che naturalmente fermenta in primavera quando le temperature diventano pi\u00f9 miti.<\/h5>\n<h5>Durante la maturazione il vino acquista sentori fruttati e un colorito paglierino. Senza residuo zuccherino si presenta fresco, gradevole ed adatto a qualsiasi occorrenza.<\/h5>\n<p>&nbsp;<\/p>\n<h5>Il vino sfuso ti arriver\u00e0 <strong>in bag-in-box direttamente a domicilio<\/strong> ed \u00e8 da <strong>imbottigliare al pi\u00f9 presto<\/strong> poich\u00e8 i lieviti potrebbero iniziare a fermentare nel giro di pochi giorni in base alla temperatura.<\/h5>\n<p>&nbsp;<\/p>\n<h5>In bottiglia il lievito fermenta, ed otterrai cos\u00ec un vino piacevole, secco e frizzante. Noterai una naturale sedimentazione in bottiglia a fine fermentazione, questo indica la salubriet\u00e0 del prodotto.<\/h5>\n<\/div>\n<\/div>\n<div>\n<div id=\"1266525683\" class=\"u_1266525683 dmNewParagraph\" data-dmtmpl=\"true\" data-uialign=\"center\">\n<h5><\/h5>\n<\/div>\n<\/div>\n<\/div>\n<p>[\/vc_column_text][vc_column_text]<\/p>\n<h3><strong>Unisci nella spedizione anche le nostre bottiglie, Accessori e <\/strong><strong>Idee Regalo e Collezioni . La spedizione \u00e8 omaggio!<br \/>\n<\/strong><\/h3>\n<p>[\/vc_column_text][vc_btn title=&#8221;Vai allo shop&#8221; style=&#8221;classic&#8221; color=&#8221;juicy-pink&#8221; align=&#8221;center&#8221; link=&#8221;url:https%3A%2F%2Fguia.wine%2Fshop-2%2F&#8221;][\/vc_btn][vc_tta_accordion][vc_tta_section i_type=&#8221;diwine&#8221; i_icon_diwine=&#8221;oic-diwine1-024-winery-1&#8243; add_icon=&#8221;true&#8221; title=&#8221;Istruzioni per l&#8217;imbottigliamento&#8221; tab_id=&#8221;1608194937997-c628b846-fe06&#8243;][vc_column_text]<\/p>\n<ul>\n<li>Lavare le bottiglie con acqua ed asciugarle;<\/li>\n<li>il periodo migliore per imbottigliare e\u2019 secondo la luna, ma se si intravedono bollicine nella damigiana , affrettatevi;<\/li>\n<li>agitare la damigiana prima dell\u2019 imbottigliamento<br \/>\nper rimettere in sospensione i lieviti naturalmente presenti;<\/li>\n<li>riempire le bottiglie almeno 7 centimetri di aria e<br \/>\ntappare con tappo a corona;<\/li>\n<li>lasciare riposare le bottiglie sollevate da terra in un<br \/>\nambiente con una temperatura compresa tra i 18\u00b0c e i 23\u00b0c, al riparo dalla luce, sbalzi termici e al silenzio per<br \/>\nsei-otto settimane;<\/li>\n<li>al termine della naturale fermentazione: degustare, con moderazione;<br \/>\ne se finiscono le bottiglie? Ti aspettiamo in cantina oppure ordina nel nostro sito online: consegna rapida!<\/li>\n<li>In caso di dubbi non esitare, contattaci!<\/li>\n<\/ul>\n<p>[\/vc_column_text][\/vc_tta_section][vc_tta_section i_icon_fontawesome=&#8221;fas fa-calendar-alt&#8221; add_icon=&#8221;true&#8221; title=&#8221;Calendario per l&#8217;imbottigliamento 2026&#8243; tab_id=&#8221;1674642331083-a9ceb78a-56fe&#8221;][vc_btn title=&#8221;Scarica il calendario 2026&#8243; style=&#8221;classic&#8221; color=&#8221;juicy-pink&#8221; align=&#8221;center&#8221; link=&#8221;url:https%3A%2F%2Fguia.wine%2Fwp-content%2Fuploads%2F2026%2F01%2FCALENDARIO26.pdf&#8221;][\/vc_btn][\/vc_tta_section][\/vc_tta_accordion][\/vc_column][\/vc_row][vc_row][vc_column][\/vc_column][\/vc_row]<\/p>\n<\/section>","protected":false},"excerpt":{"rendered":"<p>&nbsp;<\/p>\n<p>Spese di spedizione incluse! Ordina anche le nostre bottiglie senza spese supplementari.<\/p>\n","protected":false},"featured_media":3792,"template":"","meta":[],"product_brand":[],"product_cat":[15],"product_tag":[],"class_list":{"0":"post-3767","1":"product","2":"type-product","3":"status-publish","4":"has-post-thumbnail","6":"product_cat-uncategorized","7":"has_thumb","8":null,"10":"first","11":"instock","12":"taxable","13":"shipping-taxable","14":"purchasable","15":"product-type-variable","16":"has-default-attributes"},"yoast_head":"<!-- This site is optimized with the Yoast SEO plugin v26.6 - https:\/\/yoast.com\/wordpress\/plugins\/seo\/ -->\n<title>Vino Sfuso - Azienda Agricola Guia<\/title>\n<meta name=\"description\" content=\"Il nostro vino \u00e8 prodotto esclusivamente con uve dei nostri vigneti situati nelle eroiche colline pedemontane. Cantina Guia Valdobbiadene\" \/>\n<meta name=\"robots\" content=\"index, follow, max-snippet:-1, max-image-preview:large, max-video-preview:-1\" \/>\n<link rel=\"canonical\" href=\"https:\/\/guia.wine\/product\/vino-sfuso\/\" \/>\n<meta property=\"og:locale\" content=\"en_US\" \/>\n<meta property=\"og:type\" content=\"article\" \/>\n<meta property=\"og:title\" content=\"Vino Sfuso - Azienda Agricola Guia\" \/>\n<meta property=\"og:description\" content=\"Il nostro vino \u00e8 prodotto esclusivamente con uve dei nostri vigneti situati nelle eroiche colline pedemontane. Cantina Guia Valdobbiadene\" \/>\n<meta property=\"og:url\" content=\"https:\/\/guia.wine\/product\/vino-sfuso\/\" \/>\n<meta property=\"og:site_name\" content=\"Azienda Agricola Guia\" \/>\n<meta property=\"article:modified_time\" content=\"2026-01-05T10:27:17+00:00\" \/>\n<meta property=\"og:image\" content=\"https:\/\/guia.wine\/wp-content\/uploads\/2021\/01\/scatola-bag-20__31320.1475658740.1280.1280-e1610009828351.jpg\" \/>\n\t<meta property=\"og:image:width\" content=\"850\" \/>\n\t<meta property=\"og:image:height\" content=\"912\" \/>\n\t<meta property=\"og:image:type\" content=\"image\/jpeg\" \/>\n<meta name=\"twitter:card\" content=\"summary_large_image\" \/>\n<meta name=\"twitter:label1\" content=\"Est. reading time\" \/>\n\t<meta name=\"twitter:data1\" content=\"2 minutes\" \/>\n<script type=\"application\/ld+json\" class=\"yoast-schema-graph\">{\"@context\":\"https:\/\/schema.org\",\"@graph\":[{\"@type\":\"WebPage\",\"@id\":\"https:\/\/guia.wine\/product\/vino-sfuso\/\",\"url\":\"https:\/\/guia.wine\/product\/vino-sfuso\/\",\"name\":\"Vino Sfuso - Azienda Agricola Guia\",\"isPartOf\":{\"@id\":\"https:\/\/guia.wine\/#website\"},\"primaryImageOfPage\":{\"@id\":\"https:\/\/guia.wine\/product\/vino-sfuso\/#primaryimage\"},\"image\":{\"@id\":\"https:\/\/guia.wine\/product\/vino-sfuso\/#primaryimage\"},\"thumbnailUrl\":\"https:\/\/guia.wine\/wp-content\/uploads\/2021\/01\/scatola-bag-20__31320.1475658740.1280.1280-e1610009828351.jpg\",\"datePublished\":\"2021-01-07T08:55:50+00:00\",\"dateModified\":\"2026-01-05T10:27:17+00:00\",\"description\":\"Il nostro vino \u00e8 prodotto esclusivamente con uve dei nostri vigneti situati nelle eroiche colline pedemontane. Cantina Guia Valdobbiadene\",\"breadcrumb\":{\"@id\":\"https:\/\/guia.wine\/product\/vino-sfuso\/#breadcrumb\"},\"inLanguage\":\"en-US\",\"potentialAction\":[{\"@type\":\"ReadAction\",\"target\":[\"https:\/\/guia.wine\/product\/vino-sfuso\/\"]}]},{\"@type\":\"ImageObject\",\"inLanguage\":\"en-US\",\"@id\":\"https:\/\/guia.wine\/product\/vino-sfuso\/#primaryimage\",\"url\":\"https:\/\/guia.wine\/wp-content\/uploads\/2021\/01\/scatola-bag-20__31320.1475658740.1280.1280-e1610009828351.jpg\",\"contentUrl\":\"https:\/\/guia.wine\/wp-content\/uploads\/2021\/01\/scatola-bag-20__31320.1475658740.1280.1280-e1610009828351.jpg\",\"width\":850,\"height\":912},{\"@type\":\"BreadcrumbList\",\"@id\":\"https:\/\/guia.wine\/product\/vino-sfuso\/#breadcrumb\",\"itemListElement\":[{\"@type\":\"ListItem\",\"position\":1,\"name\":\"Home\",\"item\":\"https:\/\/guia.wine\/en\/\"},{\"@type\":\"ListItem\",\"position\":2,\"name\":\"Shop\",\"item\":\"https:\/\/guia.wine\/shop\/\"},{\"@type\":\"ListItem\",\"position\":3,\"name\":\"Vino Sfuso\"}]},{\"@type\":\"WebSite\",\"@id\":\"https:\/\/guia.wine\/#website\",\"url\":\"https:\/\/guia.wine\/\",\"name\":\"Azienda Agricola Guia\",\"description\":\"Valdobbiadene Rive di Guia\",\"potentialAction\":[{\"@type\":\"SearchAction\",\"target\":{\"@type\":\"EntryPoint\",\"urlTemplate\":\"https:\/\/guia.wine\/?s={search_term_string}\"},\"query-input\":{\"@type\":\"PropertyValueSpecification\",\"valueRequired\":true,\"valueName\":\"search_term_string\"}}],\"inLanguage\":\"en-US\"}]}<\/script>\n<!-- \/ Yoast SEO plugin. -->","yoast_head_json":{"title":"Vino Sfuso - Azienda Agricola Guia","description":"Il nostro vino \u00e8 prodotto esclusivamente con uve dei nostri vigneti situati nelle eroiche colline pedemontane. Cantina Guia Valdobbiadene","robots":{"index":"index","follow":"follow","max-snippet":"max-snippet:-1","max-image-preview":"max-image-preview:large","max-video-preview":"max-video-preview:-1"},"canonical":"https:\/\/guia.wine\/product\/vino-sfuso\/","og_locale":"en_US","og_type":"article","og_title":"Vino Sfuso - Azienda Agricola Guia","og_description":"Il nostro vino \u00e8 prodotto esclusivamente con uve dei nostri vigneti situati nelle eroiche colline pedemontane. Cantina Guia Valdobbiadene","og_url":"https:\/\/guia.wine\/product\/vino-sfuso\/","og_site_name":"Azienda Agricola Guia","article_modified_time":"2026-01-05T10:27:17+00:00","og_image":[{"width":850,"height":912,"url":"https:\/\/guia.wine\/wp-content\/uploads\/2021\/01\/scatola-bag-20__31320.1475658740.1280.1280-e1610009828351.jpg","type":"image\/jpeg"}],"twitter_card":"summary_large_image","twitter_misc":{"Est. reading time":"2 minutes"},"schema":{"@context":"https:\/\/schema.org","@graph":[{"@type":"WebPage","@id":"https:\/\/guia.wine\/product\/vino-sfuso\/","url":"https:\/\/guia.wine\/product\/vino-sfuso\/","name":"Vino Sfuso - Azienda Agricola Guia","isPartOf":{"@id":"https:\/\/guia.wine\/#website"},"primaryImageOfPage":{"@id":"https:\/\/guia.wine\/product\/vino-sfuso\/#primaryimage"},"image":{"@id":"https:\/\/guia.wine\/product\/vino-sfuso\/#primaryimage"},"thumbnailUrl":"https:\/\/guia.wine\/wp-content\/uploads\/2021\/01\/scatola-bag-20__31320.1475658740.1280.1280-e1610009828351.jpg","datePublished":"2021-01-07T08:55:50+00:00","dateModified":"2026-01-05T10:27:17+00:00","description":"Il nostro vino \u00e8 prodotto esclusivamente con uve dei nostri vigneti situati nelle eroiche colline pedemontane. Cantina Guia Valdobbiadene","breadcrumb":{"@id":"https:\/\/guia.wine\/product\/vino-sfuso\/#breadcrumb"},"inLanguage":"en-US","potentialAction":[{"@type":"ReadAction","target":["https:\/\/guia.wine\/product\/vino-sfuso\/"]}]},{"@type":"ImageObject","inLanguage":"en-US","@id":"https:\/\/guia.wine\/product\/vino-sfuso\/#primaryimage","url":"https:\/\/guia.wine\/wp-content\/uploads\/2021\/01\/scatola-bag-20__31320.1475658740.1280.1280-e1610009828351.jpg","contentUrl":"https:\/\/guia.wine\/wp-content\/uploads\/2021\/01\/scatola-bag-20__31320.1475658740.1280.1280-e1610009828351.jpg","width":850,"height":912},{"@type":"BreadcrumbList","@id":"https:\/\/guia.wine\/product\/vino-sfuso\/#breadcrumb","itemListElement":[{"@type":"ListItem","position":1,"name":"Home","item":"https:\/\/guia.wine\/en\/"},{"@type":"ListItem","position":2,"name":"Shop","item":"https:\/\/guia.wine\/shop\/"},{"@type":"ListItem","position":3,"name":"Vino Sfuso"}]},{"@type":"WebSite","@id":"https:\/\/guia.wine\/#website","url":"https:\/\/guia.wine\/","name":"Azienda Agricola Guia","description":"Valdobbiadene Rive di Guia","potentialAction":[{"@type":"SearchAction","target":{"@type":"EntryPoint","urlTemplate":"https:\/\/guia.wine\/?s={search_term_string}"},"query-input":{"@type":"PropertyValueSpecification","valueRequired":true,"valueName":"search_term_string"}}],"inLanguage":"en-US"}]}},"jetpack_sharing_enabled":true,"_links":{"self":[{"href":"https:\/\/guia.wine\/en\/wp-json\/wp\/v2\/product\/3767","targetHints":{"allow":["GET"]}}],"collection":[{"href":"https:\/\/guia.wine\/en\/wp-json\/wp\/v2\/product"}],"about":[{"href":"https:\/\/guia.wine\/en\/wp-json\/wp\/v2\/types\/product"}],"wp:featuredmedia":[{"embeddable":true,"href":"https:\/\/guia.wine\/en\/wp-json\/wp\/v2\/media\/3792"}],"wp:attachment":[{"href":"https:\/\/guia.wine\/en\/wp-json\/wp\/v2\/media?parent=3767"}],"wp:term":[{"taxonomy":"product_brand","embeddable":true,"href":"https:\/\/guia.wine\/en\/wp-json\/wp\/v2\/product_brand?post=3767"},{"taxonomy":"product_cat","embeddable":true,"href":"https:\/\/guia.wine\/en\/wp-json\/wp\/v2\/product_cat?post=3767"},{"taxonomy":"product_tag","embeddable":true,"href":"https:\/\/guia.wine\/en\/wp-json\/wp\/v2\/product_tag?post=3767"}],"curies":[{"name":"wp","href":"https:\/\/api.w.org\/{rel}","templated":true}]}}